{"id":5199,"date":"2018-09-26T11:52:14","date_gmt":"2018-09-26T10:52:14","guid":{"rendered":"http:\/\/dev.pane-bistecca.com\/tips-and-tricks\/"},"modified":"2024-02-25T06:44:16","modified_gmt":"2024-02-25T06:44:16","slug":"tips-und-tricks","status":"publish","type":"page","link":"https:\/\/pane-bistecca.com\/en\/tips-und-tricks\/","title":{"rendered":"Tips and Tricks"},"content":{"rendered":"\n<h2 class=\"has-text-align-center wp-block-heading\">Durchschnittgewichte ohne Abw\u00e4gen:<\/h2>\n\n\n\n<h2 class=\"has-text-align-center wp-block-heading\">Guessed weights:<\/h2>\n\n\n\n<p class=\"has-text-align-center\">1 TL\/tsp Butter =4 g<\/p>\n\n\n\n<p class=\"has-text-align-center\">1 TL\/tsp Oel\/Oil =4 g<\/p>\n\n\n\n<p class=\"has-text-align-center\">1 TL\/tsp Zucker\/Sugar = 5 g<\/p>\n\n\n\n<p class=\"has-text-align-center\">1 TL\/tsp Salz\/Salt = 5 g<\/p>\n\n\n\n<p class=\"has-text-align-center\">1 TL\/tsp Backpulver gehaeuft\/Baking Powder heaped = 10 g<\/p>\n\n\n\n<p class=\"has-text-align-center\">1 TL\/tsp Backpulver gestrichen\/Baking Powder flat = 4 g<\/p>\n\n\n\n<p class=\"has-text-align-center\">1 TL\/tsp Gewuerze gemahlen, gestrichen\/Seasoning ground, flat = 2 g<\/p>\n\n\n\n<p class=\"has-text-align-center\">1 EL\/tbsp Butter = 12 g<\/p>\n\n\n\n<p class=\"has-text-align-center\">1 EL\/tbsp Butter gehaeuft\/heaped= 20-25 g<\/p>\n\n\n\n<p class=\"has-text-align-center\">1 EL\/tbsp Oel\/Oil = 10-12 g<\/p>\n\n\n\n<p class=\"has-text-align-center\">1 ELtbsp Zucker\/Sugar = 15 g<\/p>\n\n\n\n<p class=\"has-text-align-center\">1 EL\/tbsp Honig\/Honey = 25 g<\/p>\n\n\n\n<p class=\"has-text-align-center\">1 EL\/tbsp Marmelade = 20-25 g<\/p>\n\n\n\n<p class=\"has-text-align-center\">1 EL\/tbsp Milch\/Sahne\/Dosenmilch\/Milk\/Whipping Cream\/Canned Milk = 15 g<\/p>\n\n\n\n<p class=\"has-text-align-center\">1 EL\/tbsp Mehl\/Flour = 20 g<\/p>\n\n\n\n<p class=\"has-text-align-center\">1 EL\/tbsp Staerkemehl gestrichen\/Cornstarch flat = 10 g<\/p>\n\n\n\n<p class=\"has-text-align-center\">1 EL\/tbsp Salz\/Salt =15 g<\/p>\n\n\n\n<p class=\"has-text-align-center\">1 EL\/tbsp Griess gehaeuft\/Semolina heaped = 20 g<\/p>\n\n\n\n<p class=\"has-text-align-center\">1 ELtbsp Griess gestrichen\/Semolina flat = 12 g<\/p>\n\n\n\n<p class=\"has-text-align-center\">1 EL\/tbsp Brotbroesel\/Paniermehl \/Breadcrumbs= 20 g<\/p>\n\n\n\n<p class=\"has-text-align-center\">1 EL\/tbsp Quark\/Ricotta\/Curd = 30 g<\/p>\n\n\n\n<p class=\"has-text-align-center\">1 ELtbsp Quark\/Ricotta\/Curd gehaeuft\/heaped = 50 g<\/p>\n\n\n\n<p class=\"has-text-align-center\">1 Tasse\/cup Zucker\/Sugar = 180 g ~ in America = 200 g<\/p>\n\n\n\n<p class=\"has-text-align-center\">1 Tasse\/cup Mehl\/Flour = 105 g ~ in America = 115 g<\/p>\n\n\n\n<p class=\"has-text-align-center\">1 Tasse\/cup Brotbroesel\/Paniermehl\/Breadcrumbs = 130 g<\/p>\n\n\n\n<p class=\"has-text-align-center\">1 Tasse\/cup Griess\/Semolina = 150 g<\/p>\n\n\n<div class=\"wp-block-image\">\n<figure class=\"aligncenter\"><img decoding=\"async\" src=\"https:\/\/pane-bistecca.com\/wp-content\/uploads\/2018\/09\/20160819_190938-1024x576.jpg\" alt=\"Tips and Tricks\" class=\"wp-image-387\"\/><\/figure>\n<\/div>\n\n\n<p class=\"has-text-align-center\">1 cup Fluessigkeit\/Liquid = 237 ml<\/p>\n\n\n\n<p class=\"has-text-align-center\">\u00bd cup Fluessigkeit\/Liquid = 118 ml<\/p>\n\n\n\n<h2 class=\"has-text-align-center wp-block-heading\">Umrechnung f\u00fcr Hefe<\/h2>\n\n\n\n<p class=\"has-text-align-center\">1 W\u00fcrfel Frischhefe (42 g) > 2 T\u00fctchen Trockenhefe (a. 7 g)<br>1 T\u00fctchen Trockenhefe (7 g) > 1\/2 W\u00fcrfel Frischhefe (21 g)<\/p>\n\n\n\n<p class=\"has-text-align-center\">Umrechnungsfaktor ist 3:<br>Gewicht Trockenhefe x 3 = Gewicht Frischhefe<br>Gewicht Frischhefe : 3 = Gewicht Trockenhefe<\/p>\n\n\n\n<p class=\"has-text-align-center\">40 g Frischhefe = 15 g Trockenhefe = 4 TL<br>30 g Frischhefe = 10 g Trockenhefe = 3 TL<br>25 g Frischhefe = 9 g Trockenhefe = 2 \u00bd TL<br>20 g Frischhefe = 7 g Trockenhefe = 2 TL<br>15 g Frischhefe = 5 g Trockenhefe = 1 \u00bd TL<br>10 g Frischhefe = 4 g Trockenhefe = 1TL<br>5 g Frischhefe = 2 g Trockenhefe = \u00bd TL<\/p>\n\n\n\n<p class=\"has-text-align-center\">Umrechnung&nbsp;von Butter\/Margarine in Speise\u00f6l beim Backen,<br>geeignet bei Rezepten in denen fl\u00fcssige\/weiche Butter gebraucht wird<br>Geb\u00e4ck &#038; Hefeteig:<\/p>\n\n\n\n<p class=\"has-text-align-center\">Margarine\/Butter: Speise\u00f6l (Sonnenblumen- oder Raps\u00f6l):<\/p>\n\n\n\n<p class=\"has-text-align-center\">10 g &#8211;> 1 EL<br>50 g &#8211;> 40 ml<br>75 g &#8211;> 60 ml<br>100 g &#8211;> 75 ml<br>125 g &#8211;> 90 ml<br>150 g &#8211;> 115 ml<br>200 g &#8211;> 150 ml<br>250 g &#8211;> 180 ml<\/p>\n\n\n<div class=\"wp-block-image\">\n<figure class=\"aligncenter\"><img decoding=\"async\" src=\"https:\/\/pane-bistecca.com\/wp-content\/uploads\/2018\/09\/20160819_190832-1024x576.jpg\" alt=\"Tips and Tricks\" class=\"wp-image-388\"\/><\/figure>\n<\/div>\n\n\n<h2 class=\"has-text-align-center wp-block-heading\">Umrechnung von Celsius zu Farenheit<\/h2>\n\n\n\n<h2 class=\"has-text-align-center wp-block-heading\">Convertion of Celsius to Farenheit<\/h2>\n\n\n\n<p class=\"has-text-align-center\">110 C = 225 F<\/p>\n\n\n\n<p class=\"has-text-align-center\">130 C = 250 F<\/p>\n\n\n\n<p class=\"has-text-align-center\">150 C = 300 F<\/p>\n\n\n\n<p class=\"has-text-align-center\">180 C = 350 F<\/p>\n\n\n\n<p class=\"has-text-align-center\">190 C = 375 F<\/p>\n\n\n\n<p class=\"has-text-align-center\">200 C = 400 F<\/p>\n\n\n\n<p class=\"has-text-align-center\">220 C = 425 F<\/p>\n\n\n\n<p class=\"has-text-align-center\">230 C = 450 F<\/p>\n","protected":false},"excerpt":{"rendered":"<p>Durchschnittgewichte ohne Abw\u00e4gen: Guessed weights: 1 TL\/tsp Butter =4 g 1 TL\/tsp Oel\/Oil =4 g 1 TL\/tsp Zucker\/Sugar = 5 g 1&#8230;<\/p>\n","protected":false},"author":4,"featured_media":0,"parent":0,"menu_order":0,"comment_status":"closed","ping_status":"closed","template":"","meta":{"footnotes":""},"class_list":["post-5199","page","type-page","status-publish"],"yoast_head":"<!-- This site is optimized with the Yoast SEO plugin v24.7 - https:\/\/yoast.com\/wordpress\/plugins\/seo\/ -->\n<title>Tips und Tricks<\/title>\n<meta name=\"description\" content=\"Tips und Tricks zum abwiegen, austauschen, heizen des Ofens und vieles mehr in kurzen Zahlen, total einfach, gibt es hier!\" \/>\n<meta name=\"robots\" content=\"index, follow, max-snippet:-1, max-image-preview:large, max-video-preview:-1\" \/>\n<link rel=\"canonical\" href=\"https:\/\/pane-bistecca.com\/en\/tips-und-tricks\/\" \/>\n<meta property=\"og:locale\" content=\"en_US\" \/>\n<meta property=\"og:locale:alternate\" content=\"de_DE\" \/>\n<meta property=\"og:type\" content=\"article\" \/>\n<meta property=\"og:title\" content=\"Tips und Tricks\" \/>\n<meta property=\"og:description\" content=\"Tips und Tricks zum abwiegen, austauschen, heizen des Ofens und vieles mehr in kurzen Zahlen, total einfach, gibt es hier!\" \/>\n<meta property=\"og:url\" content=\"https:\/\/pane-bistecca.com\/en\/tips-und-tricks\/\" \/>\n<meta property=\"og:site_name\" content=\"Pane-Bistecca\" \/>\n<meta property=\"article:modified_time\" content=\"2024-02-25T06:44:16+00:00\" \/>\n<meta property=\"og:image\" content=\"https:\/\/pane-bistecca.com\/wp-content\/uploads\/2018\/09\/20160819_190938-1024x576.jpg\" \/>\n<meta name=\"twitter:card\" content=\"summary_large_image\" \/>\n<meta name=\"twitter:label1\" content=\"Est. reading time\" \/>\n\t<meta name=\"twitter:data1\" content=\"3 minutes\" \/>\n<script type=\"application\/ld+json\" class=\"yoast-schema-graph\">{\"@context\":\"https:\/\/schema.org\",\"@graph\":[{\"@type\":\"WebPage\",\"@id\":\"https:\/\/pane-bistecca.com\/tips-und-tricks\/\",\"url\":\"https:\/\/pane-bistecca.com\/tips-und-tricks\/\",\"name\":\"Tips und Tricks\",\"isPartOf\":{\"@id\":\"https:\/\/pane-bistecca.com\/#website\"},\"primaryImageOfPage\":{\"@id\":\"https:\/\/pane-bistecca.com\/tips-und-tricks\/#primaryimage\"},\"image\":{\"@id\":\"https:\/\/pane-bistecca.com\/tips-und-tricks\/#primaryimage\"},\"thumbnailUrl\":\"https:\/\/pane-bistecca.com\/wp-content\/uploads\/2018\/09\/20160819_190938-1024x576.jpg\",\"datePublished\":\"2018-09-26T10:52:14+00:00\",\"dateModified\":\"2024-02-25T06:44:16+00:00\",\"description\":\"Tips und Tricks zum abwiegen, austauschen, heizen des Ofens und vieles mehr in kurzen Zahlen, total einfach, gibt es hier!\",\"breadcrumb\":{\"@id\":\"https:\/\/pane-bistecca.com\/tips-und-tricks\/#breadcrumb\"},\"inLanguage\":\"en-US\",\"potentialAction\":[{\"@type\":\"ReadAction\",\"target\":[\"https:\/\/pane-bistecca.com\/tips-und-tricks\/\"]}]},{\"@type\":\"ImageObject\",\"inLanguage\":\"en-US\",\"@id\":\"https:\/\/pane-bistecca.com\/tips-und-tricks\/#primaryimage\",\"url\":\"https:\/\/pane-bistecca.com\/wp-content\/uploads\/2018\/09\/20160819_190938-1024x576.jpg\",\"contentUrl\":\"https:\/\/pane-bistecca.com\/wp-content\/uploads\/2018\/09\/20160819_190938-1024x576.jpg\"},{\"@type\":\"BreadcrumbList\",\"@id\":\"https:\/\/pane-bistecca.com\/tips-und-tricks\/#breadcrumb\",\"itemListElement\":[{\"@type\":\"ListItem\",\"position\":1,\"name\":\"Home\",\"item\":\"https:\/\/pane-bistecca.com\/\"},{\"@type\":\"ListItem\",\"position\":2,\"name\":\"Tips und Tricks\"}]},{\"@type\":\"WebSite\",\"@id\":\"https:\/\/pane-bistecca.com\/#website\",\"url\":\"https:\/\/pane-bistecca.com\/\",\"name\":\"Pane Bistecca\",\"description\":\"World Class Cooking\",\"publisher\":{\"@id\":\"https:\/\/pane-bistecca.com\/#\/schema\/person\/8f6864a6ceb0977c4008ee1208c02ee8\"},\"alternateName\":\"P-B\",\"potentialAction\":[{\"@type\":\"SearchAction\",\"target\":{\"@type\":\"EntryPoint\",\"urlTemplate\":\"https:\/\/pane-bistecca.com\/?s={search_term_string}\"},\"query-input\":{\"@type\":\"PropertyValueSpecification\",\"valueRequired\":true,\"valueName\":\"search_term_string\"}}],\"inLanguage\":\"en-US\"},{\"@type\":[\"Person\",\"Organization\"],\"@id\":\"https:\/\/pane-bistecca.com\/#\/schema\/person\/8f6864a6ceb0977c4008ee1208c02ee8\",\"name\":\"Pane Bistecca\",\"image\":{\"@type\":\"ImageObject\",\"inLanguage\":\"en-US\",\"@id\":\"https:\/\/pane-bistecca.com\/#\/schema\/person\/image\/\",\"url\":\"https:\/\/pane-bistecca.com\/wp-content\/uploads\/2023\/11\/logo1.jpg\",\"contentUrl\":\"https:\/\/pane-bistecca.com\/wp-content\/uploads\/2023\/11\/logo1.jpg\",\"width\":184,\"height\":204,\"caption\":\"Pane Bistecca\"},\"logo\":{\"@id\":\"https:\/\/pane-bistecca.com\/#\/schema\/person\/image\/\"},\"sameAs\":[\"https:\/\/pane-bistecca.com\"]}]}<\/script>\n<!-- \/ Yoast SEO plugin. -->","yoast_head_json":{"title":"Tips und Tricks","description":"Tips und Tricks zum abwiegen, austauschen, heizen des Ofens und vieles mehr in kurzen Zahlen, total einfach, gibt es hier!","robots":{"index":"index","follow":"follow","max-snippet":"max-snippet:-1","max-image-preview":"max-image-preview:large","max-video-preview":"max-video-preview:-1"},"canonical":"https:\/\/pane-bistecca.com\/en\/tips-und-tricks\/","og_locale":"en_US","og_type":"article","og_title":"Tips und Tricks","og_description":"Tips und Tricks zum abwiegen, austauschen, heizen des Ofens und vieles mehr in kurzen Zahlen, total einfach, gibt es hier!","og_url":"https:\/\/pane-bistecca.com\/en\/tips-und-tricks\/","og_site_name":"Pane-Bistecca","article_modified_time":"2024-02-25T06:44:16+00:00","og_image":[{"url":"https:\/\/pane-bistecca.com\/wp-content\/uploads\/2018\/09\/20160819_190938-1024x576.jpg","type":"","width":"","height":""}],"twitter_card":"summary_large_image","twitter_misc":{"Est. reading time":"3 minutes"},"schema":{"@context":"https:\/\/schema.org","@graph":[{"@type":"WebPage","@id":"https:\/\/pane-bistecca.com\/tips-und-tricks\/","url":"https:\/\/pane-bistecca.com\/tips-und-tricks\/","name":"Tips und Tricks","isPartOf":{"@id":"https:\/\/pane-bistecca.com\/#website"},"primaryImageOfPage":{"@id":"https:\/\/pane-bistecca.com\/tips-und-tricks\/#primaryimage"},"image":{"@id":"https:\/\/pane-bistecca.com\/tips-und-tricks\/#primaryimage"},"thumbnailUrl":"https:\/\/pane-bistecca.com\/wp-content\/uploads\/2018\/09\/20160819_190938-1024x576.jpg","datePublished":"2018-09-26T10:52:14+00:00","dateModified":"2024-02-25T06:44:16+00:00","description":"Tips und Tricks zum abwiegen, austauschen, heizen des Ofens und vieles mehr in kurzen Zahlen, total einfach, gibt es hier!","breadcrumb":{"@id":"https:\/\/pane-bistecca.com\/tips-und-tricks\/#breadcrumb"},"inLanguage":"en-US","potentialAction":[{"@type":"ReadAction","target":["https:\/\/pane-bistecca.com\/tips-und-tricks\/"]}]},{"@type":"ImageObject","inLanguage":"en-US","@id":"https:\/\/pane-bistecca.com\/tips-und-tricks\/#primaryimage","url":"https:\/\/pane-bistecca.com\/wp-content\/uploads\/2018\/09\/20160819_190938-1024x576.jpg","contentUrl":"https:\/\/pane-bistecca.com\/wp-content\/uploads\/2018\/09\/20160819_190938-1024x576.jpg"},{"@type":"BreadcrumbList","@id":"https:\/\/pane-bistecca.com\/tips-und-tricks\/#breadcrumb","itemListElement":[{"@type":"ListItem","position":1,"name":"Home","item":"https:\/\/pane-bistecca.com\/"},{"@type":"ListItem","position":2,"name":"Tips und Tricks"}]},{"@type":"WebSite","@id":"https:\/\/pane-bistecca.com\/#website","url":"https:\/\/pane-bistecca.com\/","name":"Pane Bistecca","description":"World Class Cooking","publisher":{"@id":"https:\/\/pane-bistecca.com\/#\/schema\/person\/8f6864a6ceb0977c4008ee1208c02ee8"},"alternateName":"P-B","potentialAction":[{"@type":"SearchAction","target":{"@type":"EntryPoint","urlTemplate":"https:\/\/pane-bistecca.com\/?s={search_term_string}"},"query-input":{"@type":"PropertyValueSpecification","valueRequired":true,"valueName":"search_term_string"}}],"inLanguage":"en-US"},{"@type":["Person","Organization"],"@id":"https:\/\/pane-bistecca.com\/#\/schema\/person\/8f6864a6ceb0977c4008ee1208c02ee8","name":"Pane Bistecca","image":{"@type":"ImageObject","inLanguage":"en-US","@id":"https:\/\/pane-bistecca.com\/#\/schema\/person\/image\/","url":"https:\/\/pane-bistecca.com\/wp-content\/uploads\/2023\/11\/logo1.jpg","contentUrl":"https:\/\/pane-bistecca.com\/wp-content\/uploads\/2023\/11\/logo1.jpg","width":184,"height":204,"caption":"Pane Bistecca"},"logo":{"@id":"https:\/\/pane-bistecca.com\/#\/schema\/person\/image\/"},"sameAs":["https:\/\/pane-bistecca.com"]}]}},"_links":{"self":[{"href":"https:\/\/pane-bistecca.com\/en\/wp-json\/wp\/v2\/pages\/5199","targetHints":{"allow":["GET"]}}],"collection":[{"href":"https:\/\/pane-bistecca.com\/en\/wp-json\/wp\/v2\/pages"}],"about":[{"href":"https:\/\/pane-bistecca.com\/en\/wp-json\/wp\/v2\/types\/page"}],"author":[{"embeddable":true,"href":"https:\/\/pane-bistecca.com\/en\/wp-json\/wp\/v2\/users\/4"}],"replies":[{"embeddable":true,"href":"https:\/\/pane-bistecca.com\/en\/wp-json\/wp\/v2\/comments?post=5199"}],"version-history":[{"count":2,"href":"https:\/\/pane-bistecca.com\/en\/wp-json\/wp\/v2\/pages\/5199\/revisions"}],"predecessor-version":[{"id":15614,"href":"https:\/\/pane-bistecca.com\/en\/wp-json\/wp\/v2\/pages\/5199\/revisions\/15614"}],"wp:attachment":[{"href":"https:\/\/pane-bistecca.com\/en\/wp-json\/wp\/v2\/media?parent=5199"}],"curies":[{"name":"wp","href":"https:\/\/api.w.org\/{rel}","templated":true}]}}